{"id":25,"date":"2022-08-31T19:48:12","date_gmt":"2022-08-31T17:48:12","guid":{"rendered":"http:\/\/karineb.cluster030.hosting.ovh.net\/?page_id=25"},"modified":"2023-10-09T19:41:17","modified_gmt":"2023-10-09T17:41:17","slug":"sevrage-tabagique","status":"publish","type":"page","link":"https:\/\/karine-alberola-hypnose.fr\/index.php\/sevrage-tabagique\/","title":{"rendered":"Sevrage tabagique"},"content":{"rendered":"<div class=\"wp-block-image\">\n<figure class=\"aligncenter size-large\"><img data-recalc-dims=\"1\" fetchpriority=\"high\" decoding=\"async\" width=\"1024\" height=\"379\" src=\"https:\/\/i0.wp.com\/karine-alberola-hypnose.fr\/wp-content\/uploads\/2023\/09\/couverture-facebook-plume.jpg?resize=1024%2C379&#038;ssl=1\" alt=\"\" class=\"wp-image-522\" srcset=\"https:\/\/i0.wp.com\/karine-alberola-hypnose.fr\/wp-content\/uploads\/2023\/09\/couverture-facebook-plume.jpg?resize=1024%2C379&amp;ssl=1 1024w, https:\/\/i0.wp.com\/karine-alberola-hypnose.fr\/wp-content\/uploads\/2023\/09\/couverture-facebook-plume.jpg?resize=300%2C111&amp;ssl=1 300w, https:\/\/i0.wp.com\/karine-alberola-hypnose.fr\/wp-content\/uploads\/2023\/09\/couverture-facebook-plume.jpg?resize=768%2C284&amp;ssl=1 768w, https:\/\/i0.wp.com\/karine-alberola-hypnose.fr\/wp-content\/uploads\/2023\/09\/couverture-facebook-plume.jpg?resize=1536%2C569&amp;ssl=1 1536w, https:\/\/i0.wp.com\/karine-alberola-hypnose.fr\/wp-content\/uploads\/2023\/09\/couverture-facebook-plume.jpg?resize=370%2C137&amp;ssl=1 370w, https:\/\/i0.wp.com\/karine-alberola-hypnose.fr\/wp-content\/uploads\/2023\/09\/couverture-facebook-plume.jpg?resize=1155%2C428&amp;ssl=1 1155w, https:\/\/i0.wp.com\/karine-alberola-hypnose.fr\/wp-content\/uploads\/2023\/09\/couverture-facebook-plume.jpg?resize=555%2C205&amp;ssl=1 555w, https:\/\/i0.wp.com\/karine-alberola-hypnose.fr\/wp-content\/uploads\/2023\/09\/couverture-facebook-plume.jpg?w=1702&amp;ssl=1 1702w\" sizes=\"(max-width: 1024px) 100vw, 1024px\" \/><\/figure>\n<\/div>\n\n\n<div class=\"wp-block-columns alignfull is-layout-flex wp-container-core-columns-is-layout-9d6595d7 wp-block-columns-is-layout-flex\">\n<div class=\"wp-block-column is-layout-flow wp-block-column-is-layout-flow\" style=\"flex-basis:40%\">\n<div class=\"wp-block-cover is-light\" style=\"min-height:681px;aspect-ratio:unset;\"><span aria-hidden=\"true\" class=\"wp-block-cover__background has-white-background-color has-background-dim-100 has-background-dim\"><\/span><div class=\"wp-block-cover__inner-container is-layout-flow wp-block-cover-is-layout-flow\"><div class=\"wp-block-image\">\n<figure class=\"aligncenter size-full is-resized\"><img data-recalc-dims=\"1\" decoding=\"async\" src=\"https:\/\/i0.wp.com\/karineb.cluster030.hosting.ovh.net\/wp-content\/uploads\/2022\/09\/istockphoto-1389501867-612x612-2.jpg?resize=389%2C259\" alt=\"\" class=\"wp-image-327\" style=\"width:389px;height:259px\" width=\"389\" height=\"259\" srcset=\"https:\/\/i0.wp.com\/karine-alberola-hypnose.fr\/wp-content\/uploads\/2022\/09\/istockphoto-1389501867-612x612-2.jpg?w=612&amp;ssl=1 612w, https:\/\/i0.wp.com\/karine-alberola-hypnose.fr\/wp-content\/uploads\/2022\/09\/istockphoto-1389501867-612x612-2.jpg?resize=300%2C200&amp;ssl=1 300w, https:\/\/i0.wp.com\/karine-alberola-hypnose.fr\/wp-content\/uploads\/2022\/09\/istockphoto-1389501867-612x612-2.jpg?resize=370%2C247&amp;ssl=1 370w, https:\/\/i0.wp.com\/karine-alberola-hypnose.fr\/wp-content\/uploads\/2022\/09\/istockphoto-1389501867-612x612-2.jpg?resize=555%2C370&amp;ssl=1 555w\" sizes=\"(max-width: 389px) 100vw, 389px\" \/><\/figure>\n<\/div><\/div><\/div>\n<\/div>\n\n\n\n<div class=\"wp-block-column is-vertically-aligned-center is-layout-flow wp-block-column-is-layout-flow\" style=\"padding-top:1em;padding-right:1em;padding-bottom:1em;padding-left:1em;flex-basis:1100px\">\n<div class=\"wp-block-columns is-layout-flex wp-container-core-columns-is-layout-9d6595d7 wp-block-columns-is-layout-flex\">\n<div class=\"wp-block-column is-layout-flow wp-block-column-is-layout-flow\" style=\"flex-basis:895px\">\n<div class=\"wp-block-columns is-layout-flex wp-container-core-columns-is-layout-9d6595d7 wp-block-columns-is-layout-flex\">\n<div class=\"wp-block-column is-layout-flow wp-block-column-is-layout-flow\" style=\"flex-basis:100%\">\n<p><\/p>\n\n\n\n<p class=\"has-text-color\" style=\"color:#1a2a49;font-size:19px\">La m\u00e9thode ATH est une m\u00e9thode cr\u00e9\u00e9e par Michel Martin.<\/p>\n\n\n\n<p class=\"has-text-color\" style=\"color:#1a2a49;font-size:19px\">Elle comprend 2 s\u00e9ances o\u00f9 nous travaillerons vous et moi en \u00e9quipe. <\/p>\n\n\n\n<p class=\"has-text-color\" style=\"color:#1a2a49;font-size:19px\">Gr\u00e2ce \u00e0 cette m\u00e9thode, vous arr\u00eaterez tout en douceur sans m\u00eame vous en rendre compte.<\/p>\n<\/div>\n<\/div>\n\n\n\n<p class=\"has-text-color\" style=\"color:#1a2a49;font-size:24px\"><strong>La premi\u00e8re s\u00e9ance<\/strong><\/p>\n\n\n\n<p class=\"has-text-color\" style=\"color:#1a2a49;font-size:19px\">Elle dure environ 2h30.<\/p>\n\n\n\n<p class=\"has-text-color\" style=\"color:#1a2a49;font-size:19px\">A l\u2019aide d\u2019un diaporama, vous allez comprendre le conflit entre votre conscient qui veut arr\u00eater de fumer et votre inconscient qui vous fait allumer une cigarette 20 fois par jour\u2026<\/p>\n\n\n\n<p class=\"has-text-color\" style=\"color:#1a2a49;font-size:19px\">Vous allez aussi balayer vos croyances et vos peurs et vous rendre compte que la cigarette n\u2019est finalement pas si addictive que l\u2019on croit.<\/p>\n\n\n\n<p class=\"has-text-color\" style=\"color:#1a2a49;font-size:19px\">Cet entretien est suivi d\u2019une premi\u00e8re s\u00e9ance d\u2019hypnose.<\/p>\n\n\n\n<p class=\"has-text-color\" style=\"color:#1a2a49;font-size:24px\"><strong>La <\/strong><strong>seconde<\/strong><strong> &nbsp;s\u00e9ance<\/strong><\/p>\n\n\n\n<p class=\"has-text-color\" style=\"color:#1a2a49;font-size:19px\">Nous nous retrouvons 8 jours plus tard pour une s\u00e9ance qui &nbsp;dure 1h30.<\/p>\n\n\n\n<p class=\"has-text-color\" style=\"color:#1a2a49;font-size:19px\">Nous analyserons les premiers r\u00e9sultats obtenus puis une seconde s\u00e9ance d\u2019hypnose vous installera d\u00e9finitivement dans ce nouveau monde sans tabac.<\/p>\n<\/div>\n<\/div>\n<\/div>\n<\/div>\n\n\n\n<div class=\"wp-block-columns is-layout-flex wp-container-core-columns-is-layout-9d6595d7 wp-block-columns-is-layout-flex\">\n<div class=\"wp-block-column is-layout-flow wp-block-column-is-layout-flow\" style=\"flex-basis:100%\">\n<pre class=\"wp-block-verse has-text-color\" style=\"color:#1a2a49;font-size:15px\"><strong>Voir un article sur la m\u00e9thode sur le site du journal FEMME ACTUELLE :\n<a href=\"https:\/\/www.femmeactuelle.fr\/sante\/medecine-douce\/hypnose-arret-cigarette-47570\">https:\/\/www.femmeactuelle.fr\/sante\/med<\/a><a rel=\"noreferrer noopener\" href=\"https:\/\/www.femmeactuelle.fr\/sante\/medecine-douce\/hypnose-arret-cigarette-47570\" target=\"_blank\">ecine-douce\/hypnose-arret-cigarette-47570<\/a><\/strong><\/pre>\n<\/div>\n<\/div>\n","protected":false},"excerpt":{"rendered":"<p>La m\u00e9thode ATH est une m\u00e9thode cr\u00e9\u00e9e par Michel Martin. Elle comprend 2 s\u00e9ances o\u00f9 nous travaillerons vous et moi en \u00e9quipe. Gr\u00e2ce \u00e0 cette m\u00e9thode, vous arr\u00eaterez tout en douceur sans m\u00eame vous en rendre compte. La premi\u00e8re s\u00e9ance Elle dure environ 2h30. A l\u2019aide d\u2019un diaporama, vous allez comprendre le conflit entre votre conscient qui veut arr\u00eater de&hellip;<\/p>\n","protected":false},"author":1,"featured_media":0,"parent":0,"menu_order":0,"comment_status":"closed","ping_status":"closed","template":"elementor_theme","meta":{"footnotes":""},"class_list":["post-25","page","type-page","status-publish","hentry"],"jetpack_sharing_enabled":true,"_links":{"self":[{"href":"https:\/\/karine-alberola-hypnose.fr\/index.php\/wp-json\/wp\/v2\/pages\/25","targetHints":{"allow":["GET"]}}],"collection":[{"href":"https:\/\/karine-alberola-hypnose.fr\/index.php\/wp-json\/wp\/v2\/pages"}],"about":[{"href":"https:\/\/karine-alberola-hypnose.fr\/index.php\/wp-json\/wp\/v2\/types\/page"}],"author":[{"embeddable":true,"href":"https:\/\/karine-alberola-hypnose.fr\/index.php\/wp-json\/wp\/v2\/users\/1"}],"replies":[{"embeddable":true,"href":"https:\/\/karine-alberola-hypnose.fr\/index.php\/wp-json\/wp\/v2\/comments?post=25"}],"version-history":[{"count":14,"href":"https:\/\/karine-alberola-hypnose.fr\/index.php\/wp-json\/wp\/v2\/pages\/25\/revisions"}],"predecessor-version":[{"id":583,"href":"https:\/\/karine-alberola-hypnose.fr\/index.php\/wp-json\/wp\/v2\/pages\/25\/revisions\/583"}],"wp:attachment":[{"href":"https:\/\/karine-alberola-hypnose.fr\/index.php\/wp-json\/wp\/v2\/media?parent=25"}],"curies":[{"name":"wp","href":"https:\/\/api.w.org\/{rel}","templated":true}]}}