{"id":481,"date":"2022-11-20T17:16:19","date_gmt":"2022-11-20T16:16:19","guid":{"rendered":"https:\/\/karine-alberola-hypnose.fr\/?page_id=481"},"modified":"2023-10-09T19:40:25","modified_gmt":"2023-10-09T17:40:25","slug":"gestion-du-poids-et-rve","status":"publish","type":"page","link":"https:\/\/karine-alberola-hypnose.fr\/index.php\/gestion-du-poids-et-rve\/","title":{"rendered":"Gestion du poids et RVE"},"content":{"rendered":"<div class=\"wp-block-image\">\n<figure class=\"aligncenter size-large\"><img data-recalc-dims=\"1\" fetchpriority=\"high\" decoding=\"async\" width=\"1024\" height=\"379\" src=\"https:\/\/i0.wp.com\/karine-alberola-hypnose.fr\/wp-content\/uploads\/2023\/09\/couverture-facebook-plume.jpg?resize=1024%2C379&#038;ssl=1\" alt=\"\" class=\"wp-image-522\" srcset=\"https:\/\/i0.wp.com\/karine-alberola-hypnose.fr\/wp-content\/uploads\/2023\/09\/couverture-facebook-plume.jpg?resize=1024%2C379&amp;ssl=1 1024w, https:\/\/i0.wp.com\/karine-alberola-hypnose.fr\/wp-content\/uploads\/2023\/09\/couverture-facebook-plume.jpg?resize=300%2C111&amp;ssl=1 300w, https:\/\/i0.wp.com\/karine-alberola-hypnose.fr\/wp-content\/uploads\/2023\/09\/couverture-facebook-plume.jpg?resize=768%2C284&amp;ssl=1 768w, https:\/\/i0.wp.com\/karine-alberola-hypnose.fr\/wp-content\/uploads\/2023\/09\/couverture-facebook-plume.jpg?resize=1536%2C569&amp;ssl=1 1536w, https:\/\/i0.wp.com\/karine-alberola-hypnose.fr\/wp-content\/uploads\/2023\/09\/couverture-facebook-plume.jpg?resize=370%2C137&amp;ssl=1 370w, https:\/\/i0.wp.com\/karine-alberola-hypnose.fr\/wp-content\/uploads\/2023\/09\/couverture-facebook-plume.jpg?resize=1155%2C428&amp;ssl=1 1155w, https:\/\/i0.wp.com\/karine-alberola-hypnose.fr\/wp-content\/uploads\/2023\/09\/couverture-facebook-plume.jpg?resize=555%2C205&amp;ssl=1 555w, https:\/\/i0.wp.com\/karine-alberola-hypnose.fr\/wp-content\/uploads\/2023\/09\/couverture-facebook-plume.jpg?w=1702&amp;ssl=1 1702w\" sizes=\"(max-width: 1024px) 100vw, 1024px\" \/><\/figure>\n<\/div>\n\n\n<div style=\"height:50px\" aria-hidden=\"true\" class=\"wp-block-spacer\"><\/div>\n\n\n\n<p class=\"has-text-color\" style=\"color:#1a2a49;font-size:19px\"><strong>Je vous accompagne en gestion du poids et RVE (R\u00e9duction Virtuelle de l\u2019Estomac) que d\u2019aucun appellent Anneau Gastrique Hypnotique avec la m\u00e9thode JIA.<\/strong><\/p>\n\n\n\n<p class=\"has-text-color\" style=\"color:#1a2a49;font-size:19px\"><strong>Cette m\u00e9thode est naturelle et sans danger. Elle est b\u00e9n\u00e9fique pour \u00e9liminer du poids de mani\u00e8re r\u00e9guli\u00e8re, raisonnable et durable, sans sensation de manque et de privation.<\/strong><\/p>\n\n\n\n<p class=\"has-text-color\" style=\"color:#1a2a49;font-size:19px\"><strong>Votre subconscient, persuad\u00e9 que votre estomac est plus petit et plus serr\u00e9, vous permettra de ressentir la sati\u00e9t\u00e9 et donc de r\u00e9duire les quantit\u00e9s absorb\u00e9es mais aussi d\u2019acqu\u00e9rir de nouveaux comportements alimentaires.<\/strong><\/p>\n\n\n\n<p class=\"has-text-color\" style=\"color:#1a2a49;font-size:19px\"><strong>L\u2019accompagnement se fait en 5 s\u00e9ances :<\/strong><\/p>\n\n\n\n<p class=\"has-text-align-justify has-text-color\" style=\"color:#1a2a49;font-size:19px\">_ <strong>4 s\u00e9ances \u00e0 15 jours d\u2019intervalle  ;<\/strong><\/p>\n\n\n\n<p class=\"has-text-color\" style=\"color:#1a2a49;font-size:19px\">_ <strong>1 s\u00e9ance bilan offerte apr\u00e8s 2 mois<\/strong>.<\/p>\n\n\n\n<p><\/p>\n\n\n\n<figure class=\"wp-block-jetpack-image-compare\"><div class=\"juxtapose\" data-mode=\"horizontal\"><img data-recalc-dims=\"1\" decoding=\"async\" id=\"502\" src=\"https:\/\/i0.wp.com\/karine-alberola-hypnose.fr\/wp-content\/uploads\/2022\/11\/istockphoto-1291173376-612x612-1.jpg?resize=612%2C408&#038;ssl=1\" alt=\"\" width=\"612\" height=\"408\" class=\"image-compare__image-before\"\/><img data-recalc-dims=\"1\" decoding=\"async\" id=\"503\" src=\"https:\/\/i0.wp.com\/karine-alberola-hypnose.fr\/wp-content\/uploads\/2022\/11\/istockphoto-1291173426-612x612-1.jpg?resize=612%2C408&#038;ssl=1\" alt=\"\" width=\"612\" height=\"408\" class=\"image-compare__image-after\"\/><\/div><\/figure>\n","protected":false},"excerpt":{"rendered":"<p>Je vous accompagne en gestion du poids et RVE (R\u00e9duction Virtuelle de l\u2019Estomac) que d\u2019aucun appellent Anneau Gastrique Hypnotique avec la m\u00e9thode JIA. Cette m\u00e9thode est naturelle et sans danger. Elle est b\u00e9n\u00e9fique pour \u00e9liminer du poids de mani\u00e8re r\u00e9guli\u00e8re, raisonnable et durable, sans sensation de manque et de privation. Votre subconscient, persuad\u00e9 que votre estomac est plus petit et&hellip;<\/p>\n","protected":false},"author":1,"featured_media":0,"parent":0,"menu_order":0,"comment_status":"closed","ping_status":"closed","template":"","meta":{"footnotes":""},"class_list":["post-481","page","type-page","status-publish","hentry"],"jetpack_sharing_enabled":true,"_links":{"self":[{"href":"https:\/\/karine-alberola-hypnose.fr\/index.php\/wp-json\/wp\/v2\/pages\/481","targetHints":{"allow":["GET"]}}],"collection":[{"href":"https:\/\/karine-alberola-hypnose.fr\/index.php\/wp-json\/wp\/v2\/pages"}],"about":[{"href":"https:\/\/karine-alberola-hypnose.fr\/index.php\/wp-json\/wp\/v2\/types\/page"}],"author":[{"embeddable":true,"href":"https:\/\/karine-alberola-hypnose.fr\/index.php\/wp-json\/wp\/v2\/users\/1"}],"replies":[{"embeddable":true,"href":"https:\/\/karine-alberola-hypnose.fr\/index.php\/wp-json\/wp\/v2\/comments?post=481"}],"version-history":[{"count":7,"href":"https:\/\/karine-alberola-hypnose.fr\/index.php\/wp-json\/wp\/v2\/pages\/481\/revisions"}],"predecessor-version":[{"id":582,"href":"https:\/\/karine-alberola-hypnose.fr\/index.php\/wp-json\/wp\/v2\/pages\/481\/revisions\/582"}],"wp:attachment":[{"href":"https:\/\/karine-alberola-hypnose.fr\/index.php\/wp-json\/wp\/v2\/media?parent=481"}],"curies":[{"name":"wp","href":"https:\/\/api.w.org\/{rel}","templated":true}]}}